{"id":57,"date":"2011-01-14T21:53:10","date_gmt":"2011-01-14T21:53:10","guid":{"rendered":"http:\/\/stadtforum-altenburg.de"},"modified":"2019-04-06T20:07:48","modified_gmt":"2019-04-06T18:07:48","slug":"netzwerk6","status":"publish","type":"page","link":"https:\/\/stadtforum-altenburg.de\/?page_id=57","title":{"rendered":"Links"},"content":{"rendered":"<ul>\n<li><a href=\"http:\/\/www.denkmalschutz.de\">Deutsche Stiftung Denkmalschutz<\/a><\/li>\n<li><a href=\"http:\/\/www.leipziger-denkmalstiftung.de\">Leipziger Denkmalstiftung<\/a><\/li>\n<li><a href=\"http:\/\/www.stadtforum-leipzig.de\/\">Stadtforum Leipzig<\/a><\/li>\n<li><a href=\"http:\/\/www.stadtforum-chemnitz.de\" target=\"_blank\" rel=\"noopener noreferrer\">Stadtforum Chemnitz<\/a><\/li>\n<li><a href=\"http:\/\/stadtbild-chemnitz.de\/\" target=\"_blank\" rel=\"noopener noreferrer\">Stadtbild Chemnitz<\/a><\/li>\n<li><a href=\"http:\/\/www.rettet-die-stadtmauer.de\" target=\"_blank\" rel=\"noopener noreferrer\">Stadtforum Freiberg<\/a><\/li>\n<li>Stadtforum G\u00f6rlitz<\/li>\n<li><a href=\"http:\/\/www.stadtforum-zittau.de\/\">Stadtforum Zittau<\/a><\/li>\n<li>B\u00fcrgerinitiative Lauenpark, Bautzen<\/li>\n<li>B\u00fcrgerinitiative Zittau<\/li>\n<li><a href=\"http:\/\/www.forum-fuer-baukultur.de\/\" target=\"_blank\" rel=\"noopener noreferrer\">Forum f\u00fcr Baukultur Dresden<\/a><\/li>\n<li><a href=\"http:\/\/www.denkmalstiftung-altenburg.de\/\" target=\"_blank\" rel=\"noopener noreferrer\">F\u00f6rderverein Denkmalstiftung Altenburger Kulturlandschaft<\/a><\/li>\n<li><a href=\"http:\/\/www.gustavushaus-altenburg.de\" target=\"_blank\" rel=\"noopener noreferrer\">F\u00f6rderverein Zukunftswerkstatt Paul-Gustavus-Haus<\/a><\/li>\n<li><a href=\"http:\/\/www.altenburg.eu\/sixcms\/detail.php?id=10045\" target=\"_blank\" rel=\"noopener noreferrer\">Untere Denkmalschutzbeh\u00f6rde der Stadt Altenburg<\/a><\/li>\n<li><a href=\"http:\/\/www.stadtumbauinfo.de\">Informationsportal Stadtumbau Ost<\/a><\/li>\n<li><a href=\"http:\/\/www.netzwerk-stadtforen.de\">Netzwerk Stadtforen Mitteldeutschland<\/a><\/li>\n<\/ul>\n","protected":false},"excerpt":{"rendered":"<p>Deutsche Stiftung Denkmalschutz Leipziger Denkmalstiftung Stadtforum Leipzig Stadtforum Chemnitz Stadtbild Chemnitz Stadtforum Freiberg Stadtforum G\u00f6rlitz Stadtforum Zittau B\u00fcrgerinitiative Lauenpark, Bautzen B\u00fcrgerinitiative Zittau Forum f\u00fcr Baukultur Dresden F\u00f6rderverein Denkmalstiftung Altenburger Kulturlandschaft F\u00f6rderverein Zukunftswerkstatt Paul-Gustavus-Haus Untere Denkmalschutzbeh\u00f6rde der Stadt Altenburg Informationsportal Stadtumbau &hellip; <a href=\"https:\/\/stadtforum-altenburg.de\/?page_id=57\">Weiterlesen <span class=\"meta-nav\">&rarr;<\/span><\/a><\/p>\n","protected":false},"author":1,"featured_media":0,"parent":0,"menu_order":4,"comment_status":"closed","ping_status":"closed","template":"","meta":{"footnotes":""},"class_list":["post-57","page","type-page","status-publish","hentry"],"jetpack_sharing_enabled":true,"jetpack_shortlink":"https:\/\/wp.me\/P1GsgU-V","jetpack_likes_enabled":false,"_links":{"self":[{"href":"https:\/\/stadtforum-altenburg.de\/index.php?rest_route=\/wp\/v2\/pages\/57","targetHints":{"allow":["GET"]}}],"collection":[{"href":"https:\/\/stadtforum-altenburg.de\/index.php?rest_route=\/wp\/v2\/pages"}],"about":[{"href":"https:\/\/stadtforum-altenburg.de\/index.php?rest_route=\/wp\/v2\/types\/page"}],"author":[{"embeddable":true,"href":"https:\/\/stadtforum-altenburg.de\/index.php?rest_route=\/wp\/v2\/users\/1"}],"replies":[{"embeddable":true,"href":"https:\/\/stadtforum-altenburg.de\/index.php?rest_route=%2Fwp%2Fv2%2Fcomments&post=57"}],"version-history":[{"count":5,"href":"https:\/\/stadtforum-altenburg.de\/index.php?rest_route=\/wp\/v2\/pages\/57\/revisions"}],"predecessor-version":[{"id":3615,"href":"https:\/\/stadtforum-altenburg.de\/index.php?rest_route=\/wp\/v2\/pages\/57\/revisions\/3615"}],"wp:attachment":[{"href":"https:\/\/stadtforum-altenburg.de\/index.php?rest_route=%2Fwp%2Fv2%2Fmedia&parent=57"}],"curies":[{"name":"wp","href":"https:\/\/api.w.org\/{rel}","templated":true}]}}