{"id":25,"date":"2011-01-14T19:56:54","date_gmt":"2011-01-14T19:56:54","guid":{"rendered":"http:\/\/stadtforum-altenburg.de\/?page_id=25"},"modified":"2025-12-04T12:02:31","modified_gmt":"2025-12-04T11:02:31","slug":"kontakt","status":"publish","type":"page","link":"https:\/\/stadtforum-altenburg.de\/?page_id=25","title":{"rendered":"Kontakt\/Impressum"},"content":{"rendered":"<p><span style=\"color: #808080;\"><strong><span style=\"color: #808080;\">Stadtforum<\/span> Altenburg &#8211; Forum f\u00fcr Stadtentwicklung und Denkmalschutz<\/strong><\/span><\/p>\n<p><span style=\"color: #808080;\">Sprecher: Johannes Schaefer, Jutta Penndorf und Marko Heinke<br \/>\n<\/span><span style=\"color: #808080;\">Marstallstra\u00dfe 14, D-04600 Altenburg \/ Th\u00fcr.<\/span><\/p>\n<address><span style=\"color: #808080;\"><strong>Weitere Kontaktdaten:<\/strong><\/span><\/address>\n<address><span style=\"color: #808080;\">post @ stadtforum-altenburg . de (Leerzeichen entfallen)<br \/>\n<\/span><span style=\"color: #808080;\">+49 (0) 3212 135 6225 (eFax)<br \/>\n<\/span><span style=\"color: #808080;\">http:\/\/stadtforum-altenburg.de<\/span><\/address>\n<p><em style=\"color: #808080; font-size: revert;\"><strong>Bankverbindung:<\/strong><\/em><\/p>\n<p><span style=\"color: #808080;\">Das Stadtforum Altenburg hat zum Zweck seines kommunalpolitischen Engagements als unabh\u00e4ngige W\u00e4hlervereinigung einen Verein gegr\u00fcndet, um Spenden und Beitr\u00e4ge akquirieren zu k\u00f6nnen.<\/span><\/p>\n<p><span style=\"color: #808080;\">Stadtforum Altenburg e.V. <\/span><br \/>\n<span style=\"color: #808080;\">Sparkasse Altenburger Land<\/span><br \/>\n<span style=\"color: #808080;\">IBAN: DE24 8305 0200 1200 1481 57<\/span><br \/>\n<span style=\"color: #808080;\">BIC: HELADEF1ALT<\/span><\/p>\n<p><span style=\"color: #808080;\">Zuwendungen (Mitgliedsbeitr\u00e4ge und Spenden) an eine unabh\u00e4ngige W\u00e4hlervereinigung sind nach <a href=\"https:\/\/www.gesetze-im-internet.de\/estg\/__34g.html\">\u00a7 34g EStG<\/a> steuerbeg\u00fcnstigt.<\/span><\/p>\n","protected":false},"excerpt":{"rendered":"<p>Stadtforum Altenburg &#8211; Forum f\u00fcr Stadtentwicklung und Denkmalschutz Sprecher: Johannes Schaefer, Jutta Penndorf und Marko Heinke Marstallstra\u00dfe 14, D-04600 Altenburg \/ Th\u00fcr. Weitere Kontaktdaten: post @ stadtforum-altenburg . de (Leerzeichen entfallen) +49 (0) 3212 135 6225 (eFax) http:\/\/stadtforum-altenburg.de Bankverbindung: Das &hellip; <a href=\"https:\/\/stadtforum-altenburg.de\/?page_id=25\">Weiterlesen <span class=\"meta-nav\">&rarr;<\/span><\/a><\/p>\n","protected":false},"author":1,"featured_media":0,"parent":0,"menu_order":6,"comment_status":"closed","ping_status":"closed","template":"","meta":{"footnotes":""},"class_list":["post-25","page","type-page","status-publish","hentry"],"jetpack_sharing_enabled":true,"jetpack_shortlink":"https:\/\/wp.me\/P1GsgU-p","jetpack_likes_enabled":false,"_links":{"self":[{"href":"https:\/\/stadtforum-altenburg.de\/index.php?rest_route=\/wp\/v2\/pages\/25","targetHints":{"allow":["GET"]}}],"collection":[{"href":"https:\/\/stadtforum-altenburg.de\/index.php?rest_route=\/wp\/v2\/pages"}],"about":[{"href":"https:\/\/stadtforum-altenburg.de\/index.php?rest_route=\/wp\/v2\/types\/page"}],"author":[{"embeddable":true,"href":"https:\/\/stadtforum-altenburg.de\/index.php?rest_route=\/wp\/v2\/users\/1"}],"replies":[{"embeddable":true,"href":"https:\/\/stadtforum-altenburg.de\/index.php?rest_route=%2Fwp%2Fv2%2Fcomments&post=25"}],"version-history":[{"count":28,"href":"https:\/\/stadtforum-altenburg.de\/index.php?rest_route=\/wp\/v2\/pages\/25\/revisions"}],"predecessor-version":[{"id":4093,"href":"https:\/\/stadtforum-altenburg.de\/index.php?rest_route=\/wp\/v2\/pages\/25\/revisions\/4093"}],"wp:attachment":[{"href":"https:\/\/stadtforum-altenburg.de\/index.php?rest_route=%2Fwp%2Fv2%2Fmedia&parent=25"}],"curies":[{"name":"wp","href":"https:\/\/api.w.org\/{rel}","templated":true}]}}